{"id":379,"date":"2023-06-29T17:08:32","date_gmt":"2023-06-29T15:08:32","guid":{"rendered":"https:\/\/sandrinedeloffre.com\/?page_id=379"},"modified":"2023-09-26T12:23:47","modified_gmt":"2023-09-26T10:23:47","slug":"conditions-generales","status":"publish","type":"page","link":"https:\/\/sandrinedeloffre.com\/index.php\/conditions-generales\/","title":{"rendered":"CONDITIONS G\u00c9N\u00c9RALES"},"content":{"rendered":"\n<h2 class=\"wp-block-heading has-text-align-left\"><strong>Conditions d&#8217;utilisation <\/strong><\/h2>\n\n\n\n<p>Le site et chacun des \u00e9l\u00e9ments qui le composent (images, textes, logos), sont prot\u00e9g\u00e9s au titre de la l\u00e9gislation internationale de la propri\u00e9t\u00e9 intellectuelle. Les contenus figurant sur le site sont la propri\u00e9t\u00e9 de <strong>Sandrine Deloffre<\/strong>. Toute utilisation, reproduction ou repr\u00e9sentation, par quelque proc\u00e9d\u00e9 que ce soit, et sur quelque support que ce soit, de tout ou partie du site et\/ou des \u00e9l\u00e9ments qui le composent n&#8217;est pas autoris\u00e9e.<\/p>\n\n\n\n<h2 class=\"wp-block-heading has-text-align-left\"><strong>Conditions g\u00e9n\u00e9rales de vente<\/strong><\/h2>\n\n\n\n<ol class=\"wp-block-list\">\n<li><em>Objet et champ d&#8217;application<\/em><\/li>\n<\/ol>\n\n\n\n<p>Les conditions g\u00e9n\u00e9rales de vente d\u00e9crites ci-apr\u00e8s d\u00e9taillent les droits et obligations de la Vendeuse (<strong>Sandrine Deloffre<\/strong>) et de son client dans le cadre de la vente des marchandises disponibles sur le site web www.sandrinedeloffre.com. <\/p>\n\n\n\n<p>2. <em>Disponibilit\u00e9 des marchandises<\/em><\/p>\n\n\n\n<p>Les produits du Shop sont propos\u00e9s dans la limite des stocks disponibles.<br>Certains produits peuvent \u00eatre provisoirement ou d\u00e9finitivement indisponibles, ces mentions seront indiqu\u00e9es dans la fiche produit.<\/p>\n\n\n\n<p>3. <em>Commandes<\/em><\/p>\n\n\n\n<p>Vous d\u00e9clarez avoir pris connaissance et accept\u00e9 les pr\u00e9sentes \u00ab Conditions g\u00e9n\u00e9rales de vente \u00bb avant la passation de votre commande. La validation de votre commande vaut donc acceptation de ces \u00ab Conditions g\u00e9n\u00e9rales de vente \u00bb.<\/p>\n\n\n\n<p>Les commandes peuvent \u00eatre pass\u00e9es sur le site : https:\/\/sandrinedeloffre.com\/index.php\/shop\/ <br>Pour un meilleur suivi, je vous recommande de laisser votre adresse e-mail et votre num\u00e9ro de t\u00e9l\u00e9phone lors de vos commandes.<\/p>\n\n\n\n<p><em>4. Annulation et retours <\/em><\/p>\n\n\n\n<p>Les commandes peuvent \u00eatre annul\u00e9es, pendant 1 heure apr\u00e8s la validation de la commande. Pass\u00e9 ce d\u00e9lai, la commande sera d\u00e9finitivement valid\u00e9e. Les retours sont accept\u00e9s sous 14 jours. Dans les deux cas (annulation de commande \/ ou retour), ils se font sur demande \u00e0 l&#8217;adresse : contact@sandrinedeloffre.com. Merci d&#8217;indiquer les informations concernant la commande (produit, num\u00e9ro de commande, nom et adresse). Les frais d&#8217;emballage et les frais de port seront \u00e0 votre charge. Le remboursement sera effectu\u00e9 sous 1 mois apr\u00e8s r\u00e9ception de la marchandise (en \u00e9tat neuf) dans mes locaux. <\/p>\n\n\n\n<p>5. <em>Confidentialit\u00e9<\/em><\/p>\n\n\n\n<p>Lors de la commande, seules sont demand\u00e9es les informations indispensables (nom, pr\u00e9nom, adresse, e-mail, num\u00e9ro de t\u00e9l\u00e9phone). <br>Vos coordonn\u00e9es t\u00e9l\u00e9phoniques ne seront utilis\u00e9es que pour la bonne ex\u00e9cution de vos commandes.<\/p>\n\n\n\n<p><em>6. Prix<\/em><\/p>\n\n\n\n<p>Les prix sont indiqu\u00e9s sur mon site en \u20ac, toutes taxes comprises, hors la participation forfaitaire aux frais de traitement et d\u2019exp\u00e9dition qui d\u00e9pendent de l\u2019adresse du client.<\/p>\n\n\n\n<p>7. <em>Modalit\u00e9s de paiement<\/em><\/p>\n\n\n\n<p>Le r\u00e8glement des commandes s&#8217;effectue :<\/p>\n\n\n\n<ul class=\"wp-block-list\">\n<li>soit par carte bancaire ;<\/li>\n\n\n\n<li>soit via Paypal.<\/li>\n<\/ul>\n\n\n\n<p>8. <em>Livraison<\/em><\/p>\n\n\n\n<p>La livraison est effectu\u00e9e via envoi postal. Les envois se font r\u00e9guli\u00e8rement (sauf p\u00e9riodes de fermeture de la boutique) mais le d\u00e9lai de livraison indiqu\u00e9 lors de l&#8217;enregistrement de la commande n&#8217;est donn\u00e9 qu&#8217;\u00e0 titre indicatif et n&#8217;est aucunement garanti. Par cons\u00e9quent, tout retard raisonnable dans la livraison des produits ne pourra pas donner lieu au profit de l&#8217;acheteur \u00e0 :<br>&#8211; l&#8217;allocation de dommages et int\u00e9r\u00eats ;<br>&#8211; l&#8217;annulation de la commande.<br>Par ailleurs, le risque du transport est support\u00e9 en totalit\u00e9 par l&#8217;acheteur.<br>En cas de marchandises manquantes lors du transport, l&#8217;acheteur devra contacter La vendeuse \u00e0 l&#8217;adresse contact@sandrinedeloffre.com dans un d\u00e9lai de 2 semaines apr\u00e8s la r\u00e9ception.<br>La Vendeuse ne sera pas tenue responsable des d\u00e9teriorations physiques lors de l&#8217;acheminement de la marchandise. L&#8217;acheteur devra contacter La poste afin de faire valoir ses droits.<\/p>\n\n\n\n<p><em>9. Force majeure<\/em><\/p>\n\n\n\n<p>La responsabilit\u00e9 de la Vendeuse ne pourra pas \u00eatre mise en oeuvre si la non-ex\u00e9cution ou le retard dans l&#8217;ex\u00e9cution de l&#8217;une de ses obligations d\u00e9crites dans les pr\u00e9sentes conditions g\u00e9n\u00e9rales de vente d\u00e9coule d&#8217;un cas de force majeure. \u00c0 ce titre, la force majeure s&#8217;entend de tout \u00e9v\u00e9nement ext\u00e9rieur et impr\u00e9visible. <\/p>\n","protected":false},"excerpt":{"rendered":"<p>Conditions d&#8217;utilisation Le site et chacun des \u00e9l\u00e9ments qui le composent (images, textes, logos), sont prot\u00e9g\u00e9s au titre de la l\u00e9gislation internationale de la propri\u00e9t\u00e9 intellectuelle. Les contenus figurant sur le site sont la propri\u00e9t\u00e9 de Sandrine Deloffre. Toute utilisation, reproduction ou repr\u00e9sentation, par quelque proc\u00e9d\u00e9 que ce soit, et sur quelque support que ce&hellip;&nbsp;<a href=\"https:\/\/sandrinedeloffre.com\/index.php\/conditions-generales\/\" rel=\"bookmark\">Lire la suite &raquo;<span class=\"screen-reader-text\">CONDITIONS G\u00c9N\u00c9RALES<\/span><\/a><\/p>\n","protected":false},"author":1,"featured_media":0,"parent":0,"menu_order":0,"comment_status":"closed","ping_status":"closed","template":"","meta":{"neve_meta_sidebar":"","neve_meta_container":"","neve_meta_enable_content_width":"","neve_meta_content_width":0,"neve_meta_title_alignment":"","neve_meta_author_avatar":"","neve_post_elements_order":"","neve_meta_disable_header":"","neve_meta_disable_footer":"","neve_meta_disable_title":"","_vp_format_video_url":"","_vp_image_focal_point":[],"footnotes":""},"class_list":["post-379","page","type-page","status-publish","hentry"],"_links":{"self":[{"href":"https:\/\/sandrinedeloffre.com\/index.php\/wp-json\/wp\/v2\/pages\/379","targetHints":{"allow":["GET"]}}],"collection":[{"href":"https:\/\/sandrinedeloffre.com\/index.php\/wp-json\/wp\/v2\/pages"}],"about":[{"href":"https:\/\/sandrinedeloffre.com\/index.php\/wp-json\/wp\/v2\/types\/page"}],"author":[{"embeddable":true,"href":"https:\/\/sandrinedeloffre.com\/index.php\/wp-json\/wp\/v2\/users\/1"}],"replies":[{"embeddable":true,"href":"https:\/\/sandrinedeloffre.com\/index.php\/wp-json\/wp\/v2\/comments?post=379"}],"version-history":[{"count":4,"href":"https:\/\/sandrinedeloffre.com\/index.php\/wp-json\/wp\/v2\/pages\/379\/revisions"}],"predecessor-version":[{"id":449,"href":"https:\/\/sandrinedeloffre.com\/index.php\/wp-json\/wp\/v2\/pages\/379\/revisions\/449"}],"wp:attachment":[{"href":"https:\/\/sandrinedeloffre.com\/index.php\/wp-json\/wp\/v2\/media?parent=379"}],"curies":[{"name":"wp","href":"https:\/\/api.w.org\/{rel}","templated":true}]}}